{"id":1294,"date":"2014-12-05T21:10:51","date_gmt":"2014-12-05T21:10:51","guid":{"rendered":"http:\/\/seowptheme.com\/?page_id=1294"},"modified":"2018-10-30T12:42:37","modified_gmt":"2018-10-30T12:42:37","slug":"email-marketing","status":"publish","type":"page","link":"https:\/\/start-ascent.com\/es\/email-marketing\/","title":{"rendered":"Email Marketing"},"content":{"rendered":"<div id=\"dslc-theme-content\"><div id=\"dslc-theme-content-inner\"><p><img loading=\"lazy\" decoding=\"async\" class=\"wp-image-2102 alignright\" src=\"https:\/\/start-ascent.com\/wp-content\/uploads\/mail-300x230.png\" alt=\"\" width=\"521\" height=\"400\" srcset=\"https:\/\/start-ascent.com\/wp-content\/uploads\/mail-300x230.png 300w, https:\/\/start-ascent.com\/wp-content\/uploads\/mail.png 740w\" sizes=\"(max-width: 521px) 100vw, 521px\" \/><\/p>\n<h5><span style=\"color: #204e80;\">GESTIONEM CAMPANYES D&#8217;EMAIL M\u00c0RQUETING<\/span><\/h5>\n<p>Ajudem a les empreses a millorar les seves vendes amb campanyes d\u2019Email<\/p>\n<p>L&#8217;email m\u00e0rqueting \u00e9s\u00a0una eina molt eficient per enviar un missatge comercial de forma directa al client a trav\u00e9s del correu electr\u00f2nic. Hi ha m\u00faltiples alternatives en lo referent al contingut del missatge; pot ser un anunci, una petici\u00f3 de negoci o sol\u00b7licitar una venda, amb l&#8217;objectiu principal de\u00a0fidelitzar\u00a0clients i refor\u00e7ar la seva confian\u00e7a, fent m\u00e9s s\u00f2lida\u00a0la nostra\u00a0marca. Els destinataris es segmenten amb molta cura, tant els clients actuals com els potencials usuaris del producte o servei.<\/p>\n<p>Combinat amb altres accions de m\u00e0rqueting, l\u2019emailing presenta unes virtuts molt interessants gr\u00e0cies a la seva rapidesa i\u00a0economicitat\u00a0respecte al correu postal. Aix\u00f2 permet contactar de forma efectiva amb el client potencial que realment est\u00e0 interessat en el producte, tal com per obtenir un grau de resposta molt major que el correu tradicional amb un esfor\u00e7 sensiblement menor.<\/p>\n<p>Quan es du a terme de forma efectiva, l&#8217;email\u00a0m\u00e0rqueting ofereix un alt retorn de la\u00a0inversi\u00f3 ja que\u00a0el\u00a0destinatari\u00a0\u00e9s qui ha sol\u00b7licitat la informaci\u00f3, sent per tant m\u00e9s receptiu a la venda. I a m\u00e9s \u00e9s molt m\u00e9s ecol\u00f2gic que el correu tradicional.<\/p>\n<p>Des de Start-Ascent\u00a0disposem d\u2019experts en\u00a0l\u2019email\u00a0m\u00e0rqueting, els quals t&#8217;assessoraran sobre les millors alternatives de comen\u00e7ar una campanya i que et guiaran per aconseguir els objectius plantejats, amb el menor temps possible i de la forma m\u00e9s econ\u00f2mica. Amb una correcta estrat\u00e8gia, un missatge convincent i l\u2019assessorament adequat, el teu negoci obtindr\u00e0 un gran profit amb l&#8217;email\u00a0m\u00e0rqueting.<\/p>\n<p>&nbsp;<\/p>\n<noscript class=\"ninja-forms-noscript-message\">\n\tAviso: Se requiere JavaScript para este contenido.<\/noscript>\n<div id=\"nf-form-14-cont\" class=\"nf-form-cont\" aria-live=\"polite\" aria-labelledby=\"nf-form-title-14\" aria-describedby=\"nf-form-errors-14\" role=\"form\">\n\n    <div class=\"nf-loading-spinner\"><\/div>\n\n<\/div>\n        <!-- That data is being printed as a workaround to page builders reordering the order of the scripts loaded-->\n        <script>var formDisplay=1;var nfForms=nfForms||[];var form=[];form.id='14';form.settings={\"objectType\":\"Form Setting\",\"editActive\":true,\"title\":\"SEOWP: Contact us\",\"created_at\":\"2017-09-07 18:49:23\",\"date_updated\":\"2015-04-30 15:01:41\",\"clear_complete\":\"1\",\"hide_complete\":\"1\",\"show_title\":0,\"status\":\"\",\"bti_layout_master\":{\"cols\":\"2\",\"dissable_css\":0,\"background\":\"#ffffff\",\"border_color\":\"#ffffff\",\"border_size\":0,\"border_radius\":0,\"form_padding\":0,\"field_padding\":10,\"label_color\":\"#000000\",\"label_font_size\":19,\"input_color\":\"#000000\",\"input_font_size\":19,\"input_border_color\":\"#dddddd\",\"input_border_size\":1,\"input_border_radius\":6,\"button_color\":\"#ffffff\",\"button_font_size\":16,\"button_bg_color\":\"#56ace3\",\"button_border_color\":\"#56ace3\",\"button_border_size\":0,\"button_border_radius\":0,\"form_class\":\"contact-form-2\",\"custom_css\":\"\",\"enable_css\":0,\"hide_required_note\":0,\"success_message_text_color\":\"#000000\",\"success_message_font_size\":13,\"success_message_bg_color\":\"#ffffff\",\"success_message_border_color\":\"#ffffff\",\"success_message_border_size\":0,\"success_message_border_radius\":0,\"success_message_padding\":0,\"error_message_text_color\":\"#ff0000\",\"error_message_font_size\":13,\"error_message_bg_color\":\"#ffffff\",\"error_message_border_color\":\"#ffffff\",\"error_message_border_size\":0,\"error_message_border_radius\":0,\"error_message_padding\":0,\"label_req_color\":\"#ff0000\",\"enable_custom_css\":1},\"append_page\":\"\",\"ajax\":\"1\",\"logged_in\":\"0\",\"not_logged_in_msg\":\"\",\"sub_limit_number\":\"\",\"sub_limit_msg\":\"\",\"enable_paypal_standard\":\"0\",\"paypal_standard_mode\":\"live\",\"paypal_standard_business_email\":\"\",\"paypal_standard_currency_type\":\"USD\",\"paypal_standard_recurring\":\"0\",\"paypal_standard_billing_cycle_number\":\"1\",\"paypal_standard_billing_cycle_type\":\"D\",\"paypal_standard_recurring_time\":\"\",\"paypal_standard_product_name\":\"\",\"paypal_standard_first_name\":\"\",\"paypal_standard_last_name\":\"\",\"paypal_standard_email\":\"\",\"paypal_standard_address1\":\"\",\"paypal_standard_address2\":\"\",\"paypal_standard_city\":\"\",\"paypal_standard_state\":\"\",\"paypal_standard_zip\":\"\",\"paypal_standard_country\":\"\",\"paypal_standard_success_page\":\"\",\"paypal_standard_cancel_page\":\"\",\"default_label_pos\":\"above\",\"wrapper_class\":\"\",\"element_class\":\"\",\"add_submit\":1,\"currency\":\"\",\"unique_field_error\":\"A form with this value has already been submitted.\",\"calculations\":[],\"formContentData\":[\"nom_1527176814246\",\"email_37\",\"empresa_1527176820677\",\"telefon_1527176835659\",\"missatge_1527176841277\",\"envia_1527176848412\",\"optin_mailchimp_42\"],\"key\":\"\",\"changeEmailErrorMsg\":\"Introduce una direcci\\u00f3n de correo electr\\u00f3nico v\\u00e1lida.\",\"confirmFieldErrorMsg\":\"Estos campos deben coincidir.\",\"fieldNumberNumMinError\":\"Error de n\\u00famero m\\u00ednimo\",\"fieldNumberNumMaxError\":\"Error de n\\u00famero m\\u00e1ximo\",\"fieldNumberIncrementBy\":\"Increm\\u00e9ntalo por \",\"formErrorsCorrectErrors\":\"Corrige los errores antes de enviar este formulario.\",\"validateRequiredField\":\"Esto es un campo obligatorio.\",\"honeypotHoneypotError\":\"Error de Honeypot\",\"fieldsMarkedRequired\":\"Los campos marcados con <span class=\\\"ninja-forms-req-symbol\\\">*<\\\/span> son obligatorios\",\"drawerDisabled\":false,\"changeDateErrorMsg\":\"\\u00a1Introduce una fecha v\\u00e1lida!\",\"allow_public_link\":0,\"embed_form\":\"\",\"ninjaForms\":\"Ninja Forms\",\"fieldTextareaRTEInsertLink\":\"Insertar enlace\",\"fieldTextareaRTEInsertMedia\":\"Insertar medios\",\"fieldTextareaRTESelectAFile\":\"Seleccione un archivo\",\"formHoneypot\":\"Si eres un ser humano y est\\u00e1s viendo este campo, por favor d\\u00e9jalo vac\\u00edo.\",\"fileUploadOldCodeFileUploadInProgress\":\"Subida de archivo en curso.\",\"fileUploadOldCodeFileUpload\":\"SUBIDA DE ARCHIVO\",\"currencySymbol\":\"&euro;\",\"thousands_sep\":\".\",\"decimal_point\":\",\",\"siteLocale\":\"es_ES\",\"dateFormat\":\"d\\\/m\\\/Y\",\"startOfWeek\":\"1\",\"of\":\"de\",\"previousMonth\":\"Mes anterior\",\"nextMonth\":\"Pr\\u00f3ximo mes\",\"months\":[\"Enero\",\"Febrero\",\"Marzo\",\"Abril\",\"Mayo\",\"Junio\",\"Julio\",\"Agosto\",\"Septiembre\",\"Octubre\",\"Noviembre\",\"Diciembre\"],\"monthsShort\":[\"Ene\",\"Feb\",\"Mar\",\"Abr\",\"Mayo\",\"Jun\",\"Jul\",\"Ago\",\"Sep\",\"Oct\",\"Nov\",\"Dic\"],\"weekdays\":[\"Domingo\",\"Lunes\",\"Martes\",\"Mi\\u00e9rcoles\",\"Jueves\",\"Viernes\",\"S\\u00e1bado\"],\"weekdaysShort\":[\"Dom\",\"Lun\",\"Mar\",\"Mi\\u00e9\",\"Jue\",\"Vie\",\"S\\u00e1b\"],\"weekdaysMin\":[\"Do\",\"Lu\",\"Ma\",\"Mi\",\"Ju\",\"Vi\",\"S\\u00e1\"],\"recaptchaConsentMissing\":\"reCaptcha validation couldn&#039;t load.\",\"recaptchaMissingCookie\":\"reCaptcha v3 validation couldn&#039;t load the cookie needed to submit the form.\",\"recaptchaConsentEvent\":\"Accept reCaptcha cookies before sending the form.\",\"currency_symbol\":\"\",\"beforeForm\":\"\",\"beforeFields\":\"\",\"afterFields\":\"\",\"afterForm\":\"\"};form.fields=[{\"objectType\":\"Field\",\"objectDomain\":\"fields\",\"editActive\":false,\"order\":0,\"fav_id\":0,\"def_id\":0,\"input_limit_msg\":\"character(s) left\",\"label_pos\":\"above\",\"placeholder\":\"\",\"first_name\":\"\",\"last_name\":\"\",\"user_address_1\":\"\",\"user_address_2\":\"\",\"user_city\":\"\",\"user_zip\":\"\",\"user_phone\":\"\",\"user_email\":\"\",\"user_info_field_group\":1,\"disable_input\":0,\"mask\":\"\",\"input_limit\":\"\",\"input_limit_type\":\"char\",\"calc_auto_include\":0,\"datepicker\":0,\"user_state\":0,\"autocomplete_off\":0,\"num_sort\":0,\"default_value\":\"\",\"admin_label\":\"\",\"user_info_field_group_name\":\"\",\"user_info_field_group_custom\":\"\",\"show_help\":0,\"help_text\":\"\",\"show_desc\":0,\"desc_pos\":\"none\",\"desc_text\":\"\",\"bti_layout_master\":{\"row\":\"1\",\"col\":\"1\",\"sizex\":\"1\"},\"element_class\":\"\",\"required\":1,\"default\":\"\",\"container_class\":\"one-half first\",\"label\":\"Nom\",\"key\":\"nom_1527176814246\",\"type\":\"textbox\",\"manual_key\":false,\"custom_mask\":\"\",\"drawerDisabled\":false,\"custom_name_attribute\":\"\",\"personally_identifiable\":\"\",\"value\":\"\",\"id\":36,\"beforeField\":\"\",\"afterField\":\"\",\"parentType\":\"textbox\",\"element_templates\":[\"textbox\",\"input\"],\"old_classname\":\"\",\"wrap_template\":\"wrap\"},{\"objectType\":\"Field\",\"objectDomain\":\"fields\",\"editActive\":false,\"order\":1,\"fav_id\":0,\"def_id\":14,\"label_pos\":\"above\",\"default_value\":\"\",\"mask\":\"\",\"datepicker\":0,\"first_name\":0,\"last_name\":0,\"from_name\":0,\"user_address_1\":0,\"user_address_2\":0,\"user_city\":0,\"user_zip\":0,\"user_phone\":0,\"user_info_field_group\":1,\"show_help\":0,\"help_text\":\"\",\"calc_auto_include\":0,\"calc_option\":0,\"conditional\":\"\",\"placeholder\":\"\",\"disable_input\":0,\"input_limit\":\"\",\"input_limit_type\":\"char\",\"input_limit_msg\":\"\",\"user_state\":0,\"autocomplete_off\":0,\"num_sort\":0,\"admin_label\":\"\",\"user_info_field_group_name\":\"\",\"user_info_field_group_custom\":\"\",\"show_desc\":0,\"desc_pos\":\"none\",\"desc_text\":\"\",\"bti_layout_master\":{\"row\":\"1\",\"col\":\"2\",\"sizex\":\"1\"},\"element_class\":\"\",\"required\":1,\"default\":\"\",\"container_class\":\"one-half\",\"label\":\"Email\",\"key\":\"email_37\",\"type\":\"email\",\"custom_name_attribute\":\"email\",\"personally_identifiable\":1,\"value\":\"\",\"id\":37,\"beforeField\":\"\",\"afterField\":\"\",\"parentType\":\"email\",\"element_templates\":[\"email\",\"input\"],\"old_classname\":\"\",\"wrap_template\":\"wrap\"},{\"objectType\":\"Field\",\"objectDomain\":\"fields\",\"editActive\":false,\"order\":2,\"fav_id\":0,\"def_id\":0,\"input_limit_msg\":\"character(s) left\",\"label_pos\":\"above\",\"placeholder\":\"\",\"first_name\":\"\",\"last_name\":\"\",\"user_address_1\":\"\",\"user_address_2\":\"\",\"user_city\":\"\",\"user_zip\":\"\",\"user_phone\":\"\",\"user_email\":\"\",\"user_info_field_group\":1,\"disable_input\":0,\"mask\":\"\",\"input_limit\":\"\",\"input_limit_type\":\"char\",\"calc_auto_include\":0,\"datepicker\":0,\"user_state\":0,\"autocomplete_off\":0,\"num_sort\":0,\"default_value\":\"\",\"admin_label\":\"\",\"user_info_field_group_name\":\"\",\"user_info_field_group_custom\":\"\",\"show_help\":0,\"help_text\":\"\",\"show_desc\":1,\"desc_pos\":\"after_everything\",\"desc_text\":\"<br>\",\"bti_layout_master\":{\"row\":\"2\",\"col\":\"1\",\"sizex\":\"1\"},\"element_class\":\"\",\"required\":1,\"default\":\"\",\"container_class\":\"one-half first\",\"label\":\"Empresa\",\"key\":\"empresa_1527176820677\",\"type\":\"textbox\",\"manual_key\":false,\"custom_mask\":\"\",\"drawerDisabled\":false,\"custom_name_attribute\":\"\",\"personally_identifiable\":\"\",\"value\":\"\",\"paypal_standard_billing_cycle_type\":\"D\",\"paypal_standard_recurring_times\":\"infinite\",\"paypal_standard_billing_cycle_number\":1,\"id\":38,\"beforeField\":\"\",\"afterField\":\"\",\"parentType\":\"textbox\",\"element_templates\":[\"textbox\",\"input\"],\"old_classname\":\"\",\"wrap_template\":\"wrap\"},{\"objectType\":\"Field\",\"objectDomain\":\"fields\",\"editActive\":false,\"order\":3,\"fav_id\":0,\"def_id\":0,\"input_limit_msg\":\"character(s) left\",\"label_pos\":\"above\",\"placeholder\":\"\",\"first_name\":\"\",\"last_name\":\"\",\"user_address_1\":\"\",\"user_address_2\":\"\",\"user_city\":\"\",\"user_zip\":\"\",\"user_phone\":\"\",\"user_email\":\"\",\"user_info_field_group\":1,\"disable_input\":0,\"mask\":\"\",\"input_limit\":\"\",\"input_limit_type\":\"char\",\"calc_auto_include\":0,\"datepicker\":0,\"user_state\":0,\"autocomplete_off\":0,\"num_sort\":0,\"default_value\":\"\",\"admin_label\":\"\",\"user_info_field_group_name\":\"\",\"user_info_field_group_custom\":\"\",\"show_help\":0,\"help_text\":\"\",\"show_desc\":1,\"desc_pos\":\"after_everything\",\"desc_text\":\"(opcional)\",\"bti_layout_master\":{\"row\":\"2\",\"col\":\"2\",\"sizex\":\"1\"},\"element_class\":\"\",\"required\":0,\"default\":\"\",\"container_class\":\"one-half\",\"label\":\"Tel\\u00e8fon\",\"key\":\"telefon_1527176835659\",\"type\":\"textbox\",\"manual_key\":false,\"custom_mask\":\"\",\"drawerDisabled\":false,\"custom_name_attribute\":\"\",\"personally_identifiable\":\"\",\"value\":\"\",\"paypal_standard_billing_cycle_type\":\"D\",\"paypal_standard_recurring_times\":\"infinite\",\"paypal_standard_billing_cycle_number\":1,\"id\":39,\"beforeField\":\"\",\"afterField\":\"\",\"parentType\":\"textbox\",\"element_templates\":[\"textbox\",\"input\"],\"old_classname\":\"\",\"wrap_template\":\"wrap\"},{\"objectType\":\"Field\",\"objectDomain\":\"fields\",\"editActive\":false,\"order\":4,\"fav_id\":0,\"def_id\":0,\"input_limit_msg\":\"character(s) left\",\"label_pos\":\"above\",\"default_value\":\"\",\"textarea_rte\":0,\"textarea_media\":0,\"disable_rte_mobile\":0,\"input_limit\":\"\",\"input_limit_type\":\"char\",\"calc_auto_include\":0,\"num_sort\":0,\"admin_label\":\"\",\"show_help\":0,\"help_text\":\"\",\"show_desc\":1,\"desc_pos\":\"after_everything\",\"desc_text\":\"<br>\",\"bti_layout_master\":{\"row\":\"3\",\"col\":\"1\",\"sizex\":\"2\"},\"element_class\":\"\",\"required\":1,\"default\":\"\",\"container_class\":\"\",\"label\":\"Missatge\",\"key\":\"missatge_1527176841277\",\"type\":\"textarea\",\"placeholder\":\"\",\"manual_key\":false,\"drawerDisabled\":false,\"value\":\"\",\"paypal_standard_billing_cycle_type\":\"D\",\"paypal_standard_recurring_times\":\"infinite\",\"paypal_standard_billing_cycle_number\":1,\"id\":40,\"beforeField\":\"\",\"afterField\":\"\",\"parentType\":\"textarea\",\"element_templates\":[\"textarea\",\"input\"],\"old_classname\":\"\",\"wrap_template\":\"wrap\"},{\"objectType\":\"Field\",\"objectDomain\":\"fields\",\"editActive\":false,\"order\":5,\"fav_id\":0,\"def_id\":0,\"input_limit_msg\":\"character(s) left\",\"show_help\":0,\"help_text\":\"\",\"show_desc\":0,\"desc_pos\":\"none\",\"desc_text\":\"\",\"bti_layout_master\":{\"row\":\"4\",\"col\":\"1\",\"sizex\":\"1\"},\"processing_label\":\"Processing\",\"element_class\":\"\",\"container_class\":\"one-half first\",\"label\":\"Envia\",\"key\":\"envia_1527176848412\",\"type\":\"submit\",\"drawerDisabled\":false,\"id\":41,\"beforeField\":\"\",\"afterField\":\"\",\"value\":\"\",\"label_pos\":\"above\",\"parentType\":\"textbox\",\"element_templates\":[\"submit\",\"button\",\"input\"],\"old_classname\":\"\",\"wrap_template\":\"wrap-no-label\"},{\"objectType\":\"Field\",\"objectDomain\":\"fields\",\"editActive\":false,\"order\":6,\"label\":\"\",\"key\":\"optin_mailchimp_42\",\"type\":\"unknown\",\"message\":\"Field type \\\"optin_mailchimp\\\" not found.\",\"drawerDisabled\":false,\"id\":42,\"beforeField\":\"\",\"afterField\":\"\",\"value\":\"\",\"label_pos\":\"above\",\"parentType\":\"unknown\",\"element_templates\":[\"null\",\"hidden\",\"input\"],\"old_classname\":\"\",\"wrap_template\":\"wrap-no-label\"}];nfForms.push(form);<\/script>\n        \n<\/div><\/div>","protected":false},"excerpt":{"rendered":"<p>GESTIONEM CAMPANYES D&#8217;EMAIL M\u00c0RQUETING Ajudem a les empreses a millorar les seves vendes amb campanyes d\u2019Email L&#8217;email m\u00e0rqueting \u00e9s\u00a0una eina molt eficient per enviar un missatge comercial de forma directa al client a trav\u00e9s del correu electr\u00f2nic. Hi ha m\u00faltiples alternatives en lo referent al contingut del missatge; pot ser un anunci, una petici\u00f3 de [&hellip;]<\/p>\n","protected":false},"author":1,"featured_media":0,"parent":0,"menu_order":0,"comment_status":"closed","ping_status":"closed","template":"","meta":{"content-type":"","footnotes":""},"class_list":["post-1294","page","type-page","status-publish","hentry"],"translation":{"provider":"WPGlobus","version":"2.10.10","language":"es","enabled_languages":["en","es"],"languages":{"en":{"title":true,"content":true,"excerpt":false},"es":{"title":false,"content":false,"excerpt":false}}},"yoast_head":"<!-- This site is optimized with the Yoast SEO plugin v20.4 - https:\/\/yoast.com\/wordpress\/plugins\/seo\/ -->\n<title>Email Marketing - Start Ascent Digital Marketing<\/title>\n<meta name=\"robots\" content=\"index, follow, max-snippet:-1, max-image-preview:large, max-video-preview:-1\" \/>\n<link rel=\"canonical\" href=\"https:\/\/start-ascent.com\/es\/email-marketing\/\" \/>\n<meta property=\"og:locale\" content=\"es_ES\" \/>\n<meta property=\"og:type\" content=\"article\" \/>\n<meta property=\"og:title\" content=\"Email Marketing - Start Ascent Digital Marketing\" \/>\n<meta property=\"og:url\" content=\"https:\/\/start-ascent.com\/es\/email-marketing\/\" \/>\n<meta property=\"og:site_name\" content=\"Start Ascent Digital Marketing\" \/>\n<meta property=\"article:modified_time\" content=\"2018-10-30T12:42:37+00:00\" \/>\n<meta property=\"og:image\" content=\"https:\/\/start-ascent.com\/wp-content\/uploads\/mail-300x230.png\" \/>\n<meta name=\"twitter:card\" content=\"summary_large_image\" \/>\n<meta name=\"twitter:label1\" content=\"Tiempo de lectura\" \/>\n\t<meta name=\"twitter:data1\" content=\"1 minuto\" \/>\n<script type=\"application\/ld+json\" class=\"yoast-schema-graph\">{\"@context\":\"https:\/\/schema.org\",\"@graph\":[{\"@type\":\"WebPage\",\"@id\":\"https:\/\/start-ascent.com\/es\/email-marketing\/\",\"url\":\"https:\/\/start-ascent.com\/es\/email-marketing\/\",\"name\":\"Email Marketing - Start Ascent Digital Marketing\",\"isPartOf\":{\"@id\":\"https:\/\/start-ascent.com\/#website\"},\"datePublished\":\"2014-12-05T21:10:51+00:00\",\"dateModified\":\"2018-10-30T12:42:37+00:00\",\"description\":\"L'email m\u00e0rqueting \u00e9s una eina molt efica\u00e7 per enviar un missatge comercial de forma directa al client a trav\u00e9s del correu electr\u00f2nic. Hi ha m\u00faltiples alternatives en lo referent al contingut del missatge; pot ser un anunci, una petici\u00f3 de negoci o sol\u2022licitar una venda, amb l'objectiu principal de fidelitzar clients i refor\u00e7ar la seva confian\u00e7a, fent m\u00e9s s\u00f2lida la nostra marca.\",\"breadcrumb\":{\"@id\":\"https:\/\/start-ascent.com\/es\/email-marketing\/#breadcrumb\"},\"inLanguage\":\"es\",\"potentialAction\":[{\"@type\":\"ReadAction\",\"target\":[\"https:\/\/start-ascent.com\/es\/email-marketing\/\"]}]},{\"@type\":\"BreadcrumbList\",\"@id\":\"https:\/\/start-ascent.com\/es\/email-marketing\/#breadcrumb\",\"itemListElement\":[{\"@type\":\"ListItem\",\"position\":1,\"name\":\"Inici\",\"item\":\"https:\/\/start-ascent.com\/\"},{\"@type\":\"ListItem\",\"position\":2,\"name\":\"Email Marketing\"}]},{\"@type\":\"WebSite\",\"@id\":\"https:\/\/start-ascent.com\/#website\",\"url\":\"https:\/\/start-ascent.com\/\",\"name\":\"Start Ascent Digital Marketing\",\"description\":\"Ag\u00e8ncia de M\u00e0rqueting digital\",\"publisher\":{\"@id\":\"https:\/\/start-ascent.com\/#organization\"},\"potentialAction\":[{\"@type\":\"SearchAction\",\"target\":{\"@type\":\"EntryPoint\",\"urlTemplate\":\"https:\/\/start-ascent.com\/?s={search_term_string}\"},\"query-input\":\"required name=search_term_string\"}],\"inLanguage\":\"es\"},{\"@type\":\"Organization\",\"@id\":\"https:\/\/start-ascent.com\/#organization\",\"name\":\"Start Ascent digital marketing\",\"url\":\"https:\/\/start-ascent.com\/\",\"logo\":{\"@type\":\"ImageObject\",\"inLanguage\":\"es\",\"@id\":\"https:\/\/start-ascent.com\/#\/schema\/logo\/image\/\",\"url\":\"https:\/\/start-ascent.com\/wp-content\/uploads\/2016\/05\/cropped-start_ascent.png\",\"contentUrl\":\"https:\/\/start-ascent.com\/wp-content\/uploads\/2016\/05\/cropped-start_ascent.png\",\"width\":182,\"height\":182,\"caption\":\"Start Ascent digital marketing\"},\"image\":{\"@id\":\"https:\/\/start-ascent.com\/#\/schema\/logo\/image\/\"}}]}<\/script>\n<!-- \/ Yoast SEO plugin. -->","yoast_head_json":{"title":"Email Marketing - Start Ascent Digital Marketing","robots":{"index":"index","follow":"follow","max-snippet":"max-snippet:-1","max-image-preview":"max-image-preview:large","max-video-preview":"max-video-preview:-1"},"canonical":"https:\/\/start-ascent.com\/es\/email-marketing\/","og_locale":"es_ES","og_type":"article","og_title":"Email Marketing - Start Ascent Digital Marketing","og_url":"https:\/\/start-ascent.com\/es\/email-marketing\/","og_site_name":"Start Ascent Digital Marketing","article_modified_time":"2018-10-30T12:42:37+00:00","og_image":[{"url":"https:\/\/start-ascent.com\/wp-content\/uploads\/mail-300x230.png"}],"twitter_card":"summary_large_image","twitter_misc":{"Tiempo de lectura":"1 minuto"},"schema":{"@context":"https:\/\/schema.org","@graph":[{"@type":"WebPage","@id":"https:\/\/start-ascent.com\/es\/email-marketing\/","url":"https:\/\/start-ascent.com\/es\/email-marketing\/","name":"Email Marketing - Start Ascent Digital Marketing","isPartOf":{"@id":"https:\/\/start-ascent.com\/#website"},"datePublished":"2014-12-05T21:10:51+00:00","dateModified":"2018-10-30T12:42:37+00:00","description":"L'email m\u00e0rqueting \u00e9s una eina molt efica\u00e7 per enviar un missatge comercial de forma directa al client a trav\u00e9s del correu electr\u00f2nic. Hi ha m\u00faltiples alternatives en lo referent al contingut del missatge; pot ser un anunci, una petici\u00f3 de negoci o sol\u2022licitar una venda, amb l'objectiu principal de fidelitzar clients i refor\u00e7ar la seva confian\u00e7a, fent m\u00e9s s\u00f2lida la nostra marca.","breadcrumb":{"@id":"https:\/\/start-ascent.com\/es\/email-marketing\/#breadcrumb"},"inLanguage":"es","potentialAction":[{"@type":"ReadAction","target":["https:\/\/start-ascent.com\/es\/email-marketing\/"]}]},{"@type":"BreadcrumbList","@id":"https:\/\/start-ascent.com\/es\/email-marketing\/#breadcrumb","itemListElement":[{"@type":"ListItem","position":1,"name":"Inici","item":"https:\/\/start-ascent.com\/"},{"@type":"ListItem","position":2,"name":"Email Marketing"}]},{"@type":"WebSite","@id":"https:\/\/start-ascent.com\/#website","url":"https:\/\/start-ascent.com\/","name":"Start Ascent Digital Marketing","description":"Ag\u00e8ncia de M\u00e0rqueting digital","publisher":{"@id":"https:\/\/start-ascent.com\/#organization"},"potentialAction":[{"@type":"SearchAction","target":{"@type":"EntryPoint","urlTemplate":"https:\/\/start-ascent.com\/?s={search_term_string}"},"query-input":"required name=search_term_string"}],"inLanguage":"es"},{"@type":"Organization","@id":"https:\/\/start-ascent.com\/#organization","name":"Start Ascent digital marketing","url":"https:\/\/start-ascent.com\/","logo":{"@type":"ImageObject","inLanguage":"es","@id":"https:\/\/start-ascent.com\/#\/schema\/logo\/image\/","url":"https:\/\/start-ascent.com\/wp-content\/uploads\/2016\/05\/cropped-start_ascent.png","contentUrl":"https:\/\/start-ascent.com\/wp-content\/uploads\/2016\/05\/cropped-start_ascent.png","width":182,"height":182,"caption":"Start Ascent digital marketing"},"image":{"@id":"https:\/\/start-ascent.com\/#\/schema\/logo\/image\/"}}]}},"_links":{"self":[{"href":"https:\/\/start-ascent.com\/es\/wp-json\/wp\/v2\/pages\/1294"}],"collection":[{"href":"https:\/\/start-ascent.com\/es\/wp-json\/wp\/v2\/pages"}],"about":[{"href":"https:\/\/start-ascent.com\/es\/wp-json\/wp\/v2\/types\/page"}],"author":[{"embeddable":true,"href":"https:\/\/start-ascent.com\/es\/wp-json\/wp\/v2\/users\/1"}],"replies":[{"embeddable":true,"href":"https:\/\/start-ascent.com\/es\/wp-json\/wp\/v2\/comments?post=1294"}],"version-history":[{"count":6,"href":"https:\/\/start-ascent.com\/es\/wp-json\/wp\/v2\/pages\/1294\/revisions"}],"predecessor-version":[{"id":2104,"href":"https:\/\/start-ascent.com\/es\/wp-json\/wp\/v2\/pages\/1294\/revisions\/2104"}],"wp:attachment":[{"href":"https:\/\/start-ascent.com\/es\/wp-json\/wp\/v2\/media?parent=1294"}],"curies":[{"name":"wp","href":"https:\/\/api.w.org\/{rel}","templated":true}]}}