{"id":1309,"date":"2014-12-05T21:48:20","date_gmt":"2014-12-05T21:48:20","guid":{"rendered":"http:\/\/seowptheme.com\/?page_id=1309"},"modified":"2018-10-30T17:26:59","modified_gmt":"2018-10-30T17:26:59","slug":"inbound-marketing","status":"publish","type":"page","link":"https:\/\/start-ascent.com\/es\/inbound-marketing\/","title":{"rendered":"Inbound Marketing"},"content":{"rendered":"<div id=\"dslc-theme-content\"><div id=\"dslc-theme-content-inner\"><p><strong>Qu\u00e8 \u00e9s\u00a0el inbound\u00a0m\u00e0rqueting?<\/strong><\/p>\n<p>La metodologia de Inbound m\u00e0rqueting ha guanyat molt protagonisme durant els \u00faltims anys. Presenta els beneficis d\u2019utilitzar t\u00e8cniques de publicitat i m\u00e0rqueting no invasives per contactar amb l\u2019usuari al principi del proc\u00e9s de compra i acompanyar-lo fins a convertir-lo en client.<\/p>\n<p>Un dels fonaments de l\u2019Inbound m\u00e0rqueting \u00e9s la generaci\u00f3 de contingut per tal de captar l\u2019atenci\u00f3 de l\u2019usuari quan es troba al inici del proc\u00e9s de compra. Un cop en aquest punt, amb el contingut i les accions adequades per cada una de les fases del proc\u00e9s de compra, s\u2019acompanya a l\u2019usuari fins a la transacci\u00f3 final, sempre de forma amigable, per posteriorment fidelitzar-lo.<\/p>\n<p><img loading=\"lazy\" decoding=\"async\" class=\"alignnone wp-image-2157\" src=\"https:\/\/start-ascent.com\/wp-content\/uploads\/inbound_marketing-300x105.jpg\" alt=\"\" width=\"1000\" height=\"350\" srcset=\"https:\/\/start-ascent.com\/wp-content\/uploads\/inbound_marketing-300x105.jpg 300w, https:\/\/start-ascent.com\/wp-content\/uploads\/inbound_marketing-768x269.jpg 768w, https:\/\/start-ascent.com\/wp-content\/uploads\/inbound_marketing.jpg 1021w\" sizes=\"(max-width: 1000px) 100vw, 1000px\" \/><\/p>\n<p><strong>Beneficis de l\u2019Inbound m\u00e0rqueting<\/strong><\/p>\n<ul>\n<li>Les accions que composen una estrat\u00e8gia Inbound, en la seva majoria poden ser considerades com una inversi\u00f3. A difer\u00e8ncia de les accions convencionals de publicitat online on s\u2019obtenen uns resultats concrets, la creaci\u00f3 de contingut Inbound quedar\u00e0 a la nostra web de manera indefinida, si s\u2019escau, i aportant un rendiment en el temps.<\/li>\n<li>L\u2019empresa es torna m\u00e9s visible en els cercadors i obt\u00e9 m\u00e9s visites dels canals org\u00e0nic i directe. Obtenint unes visites de major qualitat i ampliant els contactes de la nostra base de dades.<\/li>\n<li>Els continguts creats per la companyia arriben a un p\u00fablic m\u00e9s ampli i es crea una comunitat al voltant de la marca. S&#8217;aconsegueix un major abast que augmenta el valor de l&#8217;empresa i la seva visibilitat.<\/li>\n<li>L&#8217;empresa genera continguts que la posicionen com a experta en el seu sector i que, posteriorment, pot comercialitzar. El tr\u00e0fic que els genera aquest contingut, i que no ha de confondre&#8217;s amb el tr\u00e0fic org\u00e0nic encara que estiguin relacionats, t\u00e9 molt valor per si mateix.<\/li>\n<li>Millora la imatge de marca de l\u2019empresa. Aplicant una campanya inbound, una marca acostuma a tenir m\u00e9s interaccions i m\u00e9s impactes publicitaris el que origina que es faci m\u00e9s coneguda.<\/li>\n<li>Proc\u00e9s d&#8217;automatitzaci\u00f3 del m\u00e0rqueting: Es tracta d\u2019un dels pilars del inbound marqueting, on una organitzaci\u00f3 compta amb un entramat de processos automatitzats que asseguren l&#8217;obtenci\u00f3 de\u00a0contactes\u00a0qualificats o clients.<\/li>\n<\/ul>\n<p>&nbsp;<\/p>\n<p>&nbsp;<\/p>\n<noscript class=\"ninja-forms-noscript-message\">\n\tAviso: Se requiere JavaScript para este contenido.<\/noscript>\n<div id=\"nf-form-14-cont\" class=\"nf-form-cont\" aria-live=\"polite\" aria-labelledby=\"nf-form-title-14\" aria-describedby=\"nf-form-errors-14\" role=\"form\">\n\n    <div class=\"nf-loading-spinner\"><\/div>\n\n<\/div>\n        <!-- That data is being printed as a workaround to page builders reordering the order of the scripts loaded-->\n        <script>var formDisplay=1;var nfForms=nfForms||[];var form=[];form.id='14';form.settings={\"objectType\":\"Form Setting\",\"editActive\":true,\"title\":\"SEOWP: Contact us\",\"created_at\":\"2017-09-07 18:49:23\",\"date_updated\":\"2015-04-30 15:01:41\",\"clear_complete\":\"1\",\"hide_complete\":\"1\",\"show_title\":0,\"status\":\"\",\"bti_layout_master\":{\"cols\":\"2\",\"dissable_css\":0,\"background\":\"#ffffff\",\"border_color\":\"#ffffff\",\"border_size\":0,\"border_radius\":0,\"form_padding\":0,\"field_padding\":10,\"label_color\":\"#000000\",\"label_font_size\":19,\"input_color\":\"#000000\",\"input_font_size\":19,\"input_border_color\":\"#dddddd\",\"input_border_size\":1,\"input_border_radius\":6,\"button_color\":\"#ffffff\",\"button_font_size\":16,\"button_bg_color\":\"#56ace3\",\"button_border_color\":\"#56ace3\",\"button_border_size\":0,\"button_border_radius\":0,\"form_class\":\"contact-form-2\",\"custom_css\":\"\",\"enable_css\":0,\"hide_required_note\":0,\"success_message_text_color\":\"#000000\",\"success_message_font_size\":13,\"success_message_bg_color\":\"#ffffff\",\"success_message_border_color\":\"#ffffff\",\"success_message_border_size\":0,\"success_message_border_radius\":0,\"success_message_padding\":0,\"error_message_text_color\":\"#ff0000\",\"error_message_font_size\":13,\"error_message_bg_color\":\"#ffffff\",\"error_message_border_color\":\"#ffffff\",\"error_message_border_size\":0,\"error_message_border_radius\":0,\"error_message_padding\":0,\"label_req_color\":\"#ff0000\",\"enable_custom_css\":1},\"append_page\":\"\",\"ajax\":\"1\",\"logged_in\":\"0\",\"not_logged_in_msg\":\"\",\"sub_limit_number\":\"\",\"sub_limit_msg\":\"\",\"enable_paypal_standard\":\"0\",\"paypal_standard_mode\":\"live\",\"paypal_standard_business_email\":\"\",\"paypal_standard_currency_type\":\"USD\",\"paypal_standard_recurring\":\"0\",\"paypal_standard_billing_cycle_number\":\"1\",\"paypal_standard_billing_cycle_type\":\"D\",\"paypal_standard_recurring_time\":\"\",\"paypal_standard_product_name\":\"\",\"paypal_standard_first_name\":\"\",\"paypal_standard_last_name\":\"\",\"paypal_standard_email\":\"\",\"paypal_standard_address1\":\"\",\"paypal_standard_address2\":\"\",\"paypal_standard_city\":\"\",\"paypal_standard_state\":\"\",\"paypal_standard_zip\":\"\",\"paypal_standard_country\":\"\",\"paypal_standard_success_page\":\"\",\"paypal_standard_cancel_page\":\"\",\"default_label_pos\":\"above\",\"wrapper_class\":\"\",\"element_class\":\"\",\"add_submit\":1,\"currency\":\"\",\"unique_field_error\":\"A form with this value has already been submitted.\",\"calculations\":[],\"formContentData\":[\"nom_1527176814246\",\"email_37\",\"empresa_1527176820677\",\"telefon_1527176835659\",\"missatge_1527176841277\",\"envia_1527176848412\",\"optin_mailchimp_42\"],\"key\":\"\",\"changeEmailErrorMsg\":\"Introduce una direcci\\u00f3n de correo electr\\u00f3nico v\\u00e1lida.\",\"confirmFieldErrorMsg\":\"Estos campos deben coincidir.\",\"fieldNumberNumMinError\":\"Error de n\\u00famero m\\u00ednimo\",\"fieldNumberNumMaxError\":\"Error de n\\u00famero m\\u00e1ximo\",\"fieldNumberIncrementBy\":\"Increm\\u00e9ntalo por \",\"formErrorsCorrectErrors\":\"Corrige los errores antes de enviar este formulario.\",\"validateRequiredField\":\"Esto es un campo obligatorio.\",\"honeypotHoneypotError\":\"Error de Honeypot\",\"fieldsMarkedRequired\":\"Los campos marcados con <span class=\\\"ninja-forms-req-symbol\\\">*<\\\/span> son obligatorios\",\"drawerDisabled\":false,\"changeDateErrorMsg\":\"\\u00a1Introduce una fecha v\\u00e1lida!\",\"allow_public_link\":0,\"embed_form\":\"\",\"ninjaForms\":\"Ninja Forms\",\"fieldTextareaRTEInsertLink\":\"Insertar enlace\",\"fieldTextareaRTEInsertMedia\":\"Insertar medios\",\"fieldTextareaRTESelectAFile\":\"Seleccione un archivo\",\"formHoneypot\":\"Si eres un ser humano y est\\u00e1s viendo este campo, por favor d\\u00e9jalo vac\\u00edo.\",\"fileUploadOldCodeFileUploadInProgress\":\"Subida de archivo en curso.\",\"fileUploadOldCodeFileUpload\":\"SUBIDA DE ARCHIVO\",\"currencySymbol\":\"&euro;\",\"thousands_sep\":\".\",\"decimal_point\":\",\",\"siteLocale\":\"es_ES\",\"dateFormat\":\"d\\\/m\\\/Y\",\"startOfWeek\":\"1\",\"of\":\"de\",\"previousMonth\":\"Mes anterior\",\"nextMonth\":\"Pr\\u00f3ximo mes\",\"months\":[\"Enero\",\"Febrero\",\"Marzo\",\"Abril\",\"Mayo\",\"Junio\",\"Julio\",\"Agosto\",\"Septiembre\",\"Octubre\",\"Noviembre\",\"Diciembre\"],\"monthsShort\":[\"Ene\",\"Feb\",\"Mar\",\"Abr\",\"Mayo\",\"Jun\",\"Jul\",\"Ago\",\"Sep\",\"Oct\",\"Nov\",\"Dic\"],\"weekdays\":[\"Domingo\",\"Lunes\",\"Martes\",\"Mi\\u00e9rcoles\",\"Jueves\",\"Viernes\",\"S\\u00e1bado\"],\"weekdaysShort\":[\"Dom\",\"Lun\",\"Mar\",\"Mi\\u00e9\",\"Jue\",\"Vie\",\"S\\u00e1b\"],\"weekdaysMin\":[\"Do\",\"Lu\",\"Ma\",\"Mi\",\"Ju\",\"Vi\",\"S\\u00e1\"],\"recaptchaConsentMissing\":\"reCaptcha validation couldn&#039;t load.\",\"recaptchaMissingCookie\":\"reCaptcha v3 validation couldn&#039;t load the cookie needed to submit the form.\",\"recaptchaConsentEvent\":\"Accept reCaptcha cookies before sending the form.\",\"currency_symbol\":\"\",\"beforeForm\":\"\",\"beforeFields\":\"\",\"afterFields\":\"\",\"afterForm\":\"\"};form.fields=[{\"objectType\":\"Field\",\"objectDomain\":\"fields\",\"editActive\":false,\"order\":0,\"fav_id\":0,\"def_id\":0,\"input_limit_msg\":\"character(s) left\",\"label_pos\":\"above\",\"placeholder\":\"\",\"first_name\":\"\",\"last_name\":\"\",\"user_address_1\":\"\",\"user_address_2\":\"\",\"user_city\":\"\",\"user_zip\":\"\",\"user_phone\":\"\",\"user_email\":\"\",\"user_info_field_group\":1,\"disable_input\":0,\"mask\":\"\",\"input_limit\":\"\",\"input_limit_type\":\"char\",\"calc_auto_include\":0,\"datepicker\":0,\"user_state\":0,\"autocomplete_off\":0,\"num_sort\":0,\"default_value\":\"\",\"admin_label\":\"\",\"user_info_field_group_name\":\"\",\"user_info_field_group_custom\":\"\",\"show_help\":0,\"help_text\":\"\",\"show_desc\":0,\"desc_pos\":\"none\",\"desc_text\":\"\",\"bti_layout_master\":{\"row\":\"1\",\"col\":\"1\",\"sizex\":\"1\"},\"element_class\":\"\",\"required\":1,\"default\":\"\",\"container_class\":\"one-half first\",\"label\":\"Nom\",\"key\":\"nom_1527176814246\",\"type\":\"textbox\",\"manual_key\":false,\"custom_mask\":\"\",\"drawerDisabled\":false,\"custom_name_attribute\":\"\",\"personally_identifiable\":\"\",\"value\":\"\",\"id\":36,\"beforeField\":\"\",\"afterField\":\"\",\"parentType\":\"textbox\",\"element_templates\":[\"textbox\",\"input\"],\"old_classname\":\"\",\"wrap_template\":\"wrap\"},{\"objectType\":\"Field\",\"objectDomain\":\"fields\",\"editActive\":false,\"order\":1,\"fav_id\":0,\"def_id\":14,\"label_pos\":\"above\",\"default_value\":\"\",\"mask\":\"\",\"datepicker\":0,\"first_name\":0,\"last_name\":0,\"from_name\":0,\"user_address_1\":0,\"user_address_2\":0,\"user_city\":0,\"user_zip\":0,\"user_phone\":0,\"user_info_field_group\":1,\"show_help\":0,\"help_text\":\"\",\"calc_auto_include\":0,\"calc_option\":0,\"conditional\":\"\",\"placeholder\":\"\",\"disable_input\":0,\"input_limit\":\"\",\"input_limit_type\":\"char\",\"input_limit_msg\":\"\",\"user_state\":0,\"autocomplete_off\":0,\"num_sort\":0,\"admin_label\":\"\",\"user_info_field_group_name\":\"\",\"user_info_field_group_custom\":\"\",\"show_desc\":0,\"desc_pos\":\"none\",\"desc_text\":\"\",\"bti_layout_master\":{\"row\":\"1\",\"col\":\"2\",\"sizex\":\"1\"},\"element_class\":\"\",\"required\":1,\"default\":\"\",\"container_class\":\"one-half\",\"label\":\"Email\",\"key\":\"email_37\",\"type\":\"email\",\"custom_name_attribute\":\"email\",\"personally_identifiable\":1,\"value\":\"\",\"id\":37,\"beforeField\":\"\",\"afterField\":\"\",\"parentType\":\"email\",\"element_templates\":[\"email\",\"input\"],\"old_classname\":\"\",\"wrap_template\":\"wrap\"},{\"objectType\":\"Field\",\"objectDomain\":\"fields\",\"editActive\":false,\"order\":2,\"fav_id\":0,\"def_id\":0,\"input_limit_msg\":\"character(s) left\",\"label_pos\":\"above\",\"placeholder\":\"\",\"first_name\":\"\",\"last_name\":\"\",\"user_address_1\":\"\",\"user_address_2\":\"\",\"user_city\":\"\",\"user_zip\":\"\",\"user_phone\":\"\",\"user_email\":\"\",\"user_info_field_group\":1,\"disable_input\":0,\"mask\":\"\",\"input_limit\":\"\",\"input_limit_type\":\"char\",\"calc_auto_include\":0,\"datepicker\":0,\"user_state\":0,\"autocomplete_off\":0,\"num_sort\":0,\"default_value\":\"\",\"admin_label\":\"\",\"user_info_field_group_name\":\"\",\"user_info_field_group_custom\":\"\",\"show_help\":0,\"help_text\":\"\",\"show_desc\":1,\"desc_pos\":\"after_everything\",\"desc_text\":\"<br>\",\"bti_layout_master\":{\"row\":\"2\",\"col\":\"1\",\"sizex\":\"1\"},\"element_class\":\"\",\"required\":1,\"default\":\"\",\"container_class\":\"one-half first\",\"label\":\"Empresa\",\"key\":\"empresa_1527176820677\",\"type\":\"textbox\",\"manual_key\":false,\"custom_mask\":\"\",\"drawerDisabled\":false,\"custom_name_attribute\":\"\",\"personally_identifiable\":\"\",\"value\":\"\",\"paypal_standard_billing_cycle_type\":\"D\",\"paypal_standard_recurring_times\":\"infinite\",\"paypal_standard_billing_cycle_number\":1,\"id\":38,\"beforeField\":\"\",\"afterField\":\"\",\"parentType\":\"textbox\",\"element_templates\":[\"textbox\",\"input\"],\"old_classname\":\"\",\"wrap_template\":\"wrap\"},{\"objectType\":\"Field\",\"objectDomain\":\"fields\",\"editActive\":false,\"order\":3,\"fav_id\":0,\"def_id\":0,\"input_limit_msg\":\"character(s) left\",\"label_pos\":\"above\",\"placeholder\":\"\",\"first_name\":\"\",\"last_name\":\"\",\"user_address_1\":\"\",\"user_address_2\":\"\",\"user_city\":\"\",\"user_zip\":\"\",\"user_phone\":\"\",\"user_email\":\"\",\"user_info_field_group\":1,\"disable_input\":0,\"mask\":\"\",\"input_limit\":\"\",\"input_limit_type\":\"char\",\"calc_auto_include\":0,\"datepicker\":0,\"user_state\":0,\"autocomplete_off\":0,\"num_sort\":0,\"default_value\":\"\",\"admin_label\":\"\",\"user_info_field_group_name\":\"\",\"user_info_field_group_custom\":\"\",\"show_help\":0,\"help_text\":\"\",\"show_desc\":1,\"desc_pos\":\"after_everything\",\"desc_text\":\"(opcional)\",\"bti_layout_master\":{\"row\":\"2\",\"col\":\"2\",\"sizex\":\"1\"},\"element_class\":\"\",\"required\":0,\"default\":\"\",\"container_class\":\"one-half\",\"label\":\"Tel\\u00e8fon\",\"key\":\"telefon_1527176835659\",\"type\":\"textbox\",\"manual_key\":false,\"custom_mask\":\"\",\"drawerDisabled\":false,\"custom_name_attribute\":\"\",\"personally_identifiable\":\"\",\"value\":\"\",\"paypal_standard_billing_cycle_type\":\"D\",\"paypal_standard_recurring_times\":\"infinite\",\"paypal_standard_billing_cycle_number\":1,\"id\":39,\"beforeField\":\"\",\"afterField\":\"\",\"parentType\":\"textbox\",\"element_templates\":[\"textbox\",\"input\"],\"old_classname\":\"\",\"wrap_template\":\"wrap\"},{\"objectType\":\"Field\",\"objectDomain\":\"fields\",\"editActive\":false,\"order\":4,\"fav_id\":0,\"def_id\":0,\"input_limit_msg\":\"character(s) left\",\"label_pos\":\"above\",\"default_value\":\"\",\"textarea_rte\":0,\"textarea_media\":0,\"disable_rte_mobile\":0,\"input_limit\":\"\",\"input_limit_type\":\"char\",\"calc_auto_include\":0,\"num_sort\":0,\"admin_label\":\"\",\"show_help\":0,\"help_text\":\"\",\"show_desc\":1,\"desc_pos\":\"after_everything\",\"desc_text\":\"<br>\",\"bti_layout_master\":{\"row\":\"3\",\"col\":\"1\",\"sizex\":\"2\"},\"element_class\":\"\",\"required\":1,\"default\":\"\",\"container_class\":\"\",\"label\":\"Missatge\",\"key\":\"missatge_1527176841277\",\"type\":\"textarea\",\"placeholder\":\"\",\"manual_key\":false,\"drawerDisabled\":false,\"value\":\"\",\"paypal_standard_billing_cycle_type\":\"D\",\"paypal_standard_recurring_times\":\"infinite\",\"paypal_standard_billing_cycle_number\":1,\"id\":40,\"beforeField\":\"\",\"afterField\":\"\",\"parentType\":\"textarea\",\"element_templates\":[\"textarea\",\"input\"],\"old_classname\":\"\",\"wrap_template\":\"wrap\"},{\"objectType\":\"Field\",\"objectDomain\":\"fields\",\"editActive\":false,\"order\":5,\"fav_id\":0,\"def_id\":0,\"input_limit_msg\":\"character(s) left\",\"show_help\":0,\"help_text\":\"\",\"show_desc\":0,\"desc_pos\":\"none\",\"desc_text\":\"\",\"bti_layout_master\":{\"row\":\"4\",\"col\":\"1\",\"sizex\":\"1\"},\"processing_label\":\"Processing\",\"element_class\":\"\",\"container_class\":\"one-half first\",\"label\":\"Envia\",\"key\":\"envia_1527176848412\",\"type\":\"submit\",\"drawerDisabled\":false,\"id\":41,\"beforeField\":\"\",\"afterField\":\"\",\"value\":\"\",\"label_pos\":\"above\",\"parentType\":\"textbox\",\"element_templates\":[\"submit\",\"button\",\"input\"],\"old_classname\":\"\",\"wrap_template\":\"wrap-no-label\"},{\"objectType\":\"Field\",\"objectDomain\":\"fields\",\"editActive\":false,\"order\":6,\"label\":\"\",\"key\":\"optin_mailchimp_42\",\"type\":\"unknown\",\"message\":\"Field type \\\"optin_mailchimp\\\" not found.\",\"drawerDisabled\":false,\"id\":42,\"beforeField\":\"\",\"afterField\":\"\",\"value\":\"\",\"label_pos\":\"above\",\"parentType\":\"unknown\",\"element_templates\":[\"null\",\"hidden\",\"input\"],\"old_classname\":\"\",\"wrap_template\":\"wrap-no-label\"}];nfForms.push(form);<\/script>\n        \n<\/div><\/div>","protected":false},"excerpt":{"rendered":"<p>Qu\u00e8 \u00e9s\u00a0el inbound\u00a0m\u00e0rqueting? La metodologia de Inbound m\u00e0rqueting ha guanyat molt protagonisme durant els \u00faltims anys. Presenta els beneficis d\u2019utilitzar t\u00e8cniques de publicitat i m\u00e0rqueting no invasives per contactar amb l\u2019usuari al principi del proc\u00e9s de compra i acompanyar-lo fins a convertir-lo en client. Un dels fonaments de l\u2019Inbound m\u00e0rqueting \u00e9s la generaci\u00f3 de contingut [&hellip;]<\/p>\n","protected":false},"author":1,"featured_media":0,"parent":0,"menu_order":0,"comment_status":"closed","ping_status":"closed","template":"","meta":{"content-type":"","footnotes":""},"class_list":["post-1309","page","type-page","status-publish","hentry"],"translation":{"provider":"WPGlobus","version":"2.10.10","language":"es","enabled_languages":["en","es"],"languages":{"en":{"title":true,"content":true,"excerpt":false},"es":{"title":false,"content":false,"excerpt":false}}},"yoast_head":"<!-- This site is optimized with the Yoast SEO plugin v20.4 - https:\/\/yoast.com\/wordpress\/plugins\/seo\/ -->\n<title>Inbound Marketing - Start Ascent Digital Marketing<\/title>\n<meta name=\"robots\" content=\"index, follow, max-snippet:-1, max-image-preview:large, max-video-preview:-1\" \/>\n<link rel=\"canonical\" href=\"https:\/\/start-ascent.com\/es\/inbound-marketing\/\" \/>\n<meta property=\"og:locale\" content=\"es_ES\" \/>\n<meta property=\"og:type\" content=\"article\" \/>\n<meta property=\"og:title\" content=\"Inbound Marketing - Start Ascent Digital Marketing\" \/>\n<meta property=\"og:url\" content=\"https:\/\/start-ascent.com\/es\/inbound-marketing\/\" \/>\n<meta property=\"og:site_name\" content=\"Start Ascent Digital Marketing\" \/>\n<meta property=\"article:modified_time\" content=\"2018-10-30T17:26:59+00:00\" \/>\n<meta property=\"og:image\" content=\"https:\/\/start-ascent.com\/wp-content\/uploads\/inbound_marketing-300x105.jpg\" \/>\n<meta name=\"twitter:card\" content=\"summary_large_image\" \/>\n<meta name=\"twitter:label1\" content=\"Tiempo de lectura\" \/>\n\t<meta name=\"twitter:data1\" content=\"2 minutos\" \/>\n<script type=\"application\/ld+json\" class=\"yoast-schema-graph\">{\"@context\":\"https:\/\/schema.org\",\"@graph\":[{\"@type\":\"WebPage\",\"@id\":\"https:\/\/start-ascent.com\/es\/inbound-marketing\/\",\"url\":\"https:\/\/start-ascent.com\/es\/inbound-marketing\/\",\"name\":\"Inbound Marketing - Start Ascent Digital Marketing\",\"isPartOf\":{\"@id\":\"https:\/\/start-ascent.com\/#website\"},\"datePublished\":\"2014-12-05T21:48:20+00:00\",\"dateModified\":\"2018-10-30T17:26:59+00:00\",\"description\":\"La metodologia de Inbound m\u00e0rqueting ha guanyat molt protagonisme durant els \u00faltims anys. Presenta els beneficis d\u2019utilitzar t\u00e8cniques de publicitat i..\",\"breadcrumb\":{\"@id\":\"https:\/\/start-ascent.com\/es\/inbound-marketing\/#breadcrumb\"},\"inLanguage\":\"es\",\"potentialAction\":[{\"@type\":\"ReadAction\",\"target\":[\"https:\/\/start-ascent.com\/es\/inbound-marketing\/\"]}]},{\"@type\":\"BreadcrumbList\",\"@id\":\"https:\/\/start-ascent.com\/es\/inbound-marketing\/#breadcrumb\",\"itemListElement\":[{\"@type\":\"ListItem\",\"position\":1,\"name\":\"Inici\",\"item\":\"https:\/\/start-ascent.com\/\"},{\"@type\":\"ListItem\",\"position\":2,\"name\":\"Inbound Marketing\"}]},{\"@type\":\"WebSite\",\"@id\":\"https:\/\/start-ascent.com\/#website\",\"url\":\"https:\/\/start-ascent.com\/\",\"name\":\"Start Ascent Digital Marketing\",\"description\":\"Ag\u00e8ncia de M\u00e0rqueting digital\",\"publisher\":{\"@id\":\"https:\/\/start-ascent.com\/#organization\"},\"potentialAction\":[{\"@type\":\"SearchAction\",\"target\":{\"@type\":\"EntryPoint\",\"urlTemplate\":\"https:\/\/start-ascent.com\/?s={search_term_string}\"},\"query-input\":\"required name=search_term_string\"}],\"inLanguage\":\"es\"},{\"@type\":\"Organization\",\"@id\":\"https:\/\/start-ascent.com\/#organization\",\"name\":\"Start Ascent digital marketing\",\"url\":\"https:\/\/start-ascent.com\/\",\"logo\":{\"@type\":\"ImageObject\",\"inLanguage\":\"es\",\"@id\":\"https:\/\/start-ascent.com\/#\/schema\/logo\/image\/\",\"url\":\"https:\/\/start-ascent.com\/wp-content\/uploads\/2016\/05\/cropped-start_ascent.png\",\"contentUrl\":\"https:\/\/start-ascent.com\/wp-content\/uploads\/2016\/05\/cropped-start_ascent.png\",\"width\":182,\"height\":182,\"caption\":\"Start Ascent digital marketing\"},\"image\":{\"@id\":\"https:\/\/start-ascent.com\/#\/schema\/logo\/image\/\"}}]}<\/script>\n<!-- \/ Yoast SEO plugin. -->","yoast_head_json":{"title":"Inbound Marketing - Start Ascent Digital Marketing","robots":{"index":"index","follow":"follow","max-snippet":"max-snippet:-1","max-image-preview":"max-image-preview:large","max-video-preview":"max-video-preview:-1"},"canonical":"https:\/\/start-ascent.com\/es\/inbound-marketing\/","og_locale":"es_ES","og_type":"article","og_title":"Inbound Marketing - Start Ascent Digital Marketing","og_url":"https:\/\/start-ascent.com\/es\/inbound-marketing\/","og_site_name":"Start Ascent Digital Marketing","article_modified_time":"2018-10-30T17:26:59+00:00","og_image":[{"url":"https:\/\/start-ascent.com\/wp-content\/uploads\/inbound_marketing-300x105.jpg"}],"twitter_card":"summary_large_image","twitter_misc":{"Tiempo de lectura":"2 minutos"},"schema":{"@context":"https:\/\/schema.org","@graph":[{"@type":"WebPage","@id":"https:\/\/start-ascent.com\/es\/inbound-marketing\/","url":"https:\/\/start-ascent.com\/es\/inbound-marketing\/","name":"Inbound Marketing - Start Ascent Digital Marketing","isPartOf":{"@id":"https:\/\/start-ascent.com\/#website"},"datePublished":"2014-12-05T21:48:20+00:00","dateModified":"2018-10-30T17:26:59+00:00","description":"La metodologia de Inbound m\u00e0rqueting ha guanyat molt protagonisme durant els \u00faltims anys. Presenta els beneficis d\u2019utilitzar t\u00e8cniques de publicitat i..","breadcrumb":{"@id":"https:\/\/start-ascent.com\/es\/inbound-marketing\/#breadcrumb"},"inLanguage":"es","potentialAction":[{"@type":"ReadAction","target":["https:\/\/start-ascent.com\/es\/inbound-marketing\/"]}]},{"@type":"BreadcrumbList","@id":"https:\/\/start-ascent.com\/es\/inbound-marketing\/#breadcrumb","itemListElement":[{"@type":"ListItem","position":1,"name":"Inici","item":"https:\/\/start-ascent.com\/"},{"@type":"ListItem","position":2,"name":"Inbound Marketing"}]},{"@type":"WebSite","@id":"https:\/\/start-ascent.com\/#website","url":"https:\/\/start-ascent.com\/","name":"Start Ascent Digital Marketing","description":"Ag\u00e8ncia de M\u00e0rqueting digital","publisher":{"@id":"https:\/\/start-ascent.com\/#organization"},"potentialAction":[{"@type":"SearchAction","target":{"@type":"EntryPoint","urlTemplate":"https:\/\/start-ascent.com\/?s={search_term_string}"},"query-input":"required name=search_term_string"}],"inLanguage":"es"},{"@type":"Organization","@id":"https:\/\/start-ascent.com\/#organization","name":"Start Ascent digital marketing","url":"https:\/\/start-ascent.com\/","logo":{"@type":"ImageObject","inLanguage":"es","@id":"https:\/\/start-ascent.com\/#\/schema\/logo\/image\/","url":"https:\/\/start-ascent.com\/wp-content\/uploads\/2016\/05\/cropped-start_ascent.png","contentUrl":"https:\/\/start-ascent.com\/wp-content\/uploads\/2016\/05\/cropped-start_ascent.png","width":182,"height":182,"caption":"Start Ascent digital marketing"},"image":{"@id":"https:\/\/start-ascent.com\/#\/schema\/logo\/image\/"}}]}},"_links":{"self":[{"href":"https:\/\/start-ascent.com\/es\/wp-json\/wp\/v2\/pages\/1309"}],"collection":[{"href":"https:\/\/start-ascent.com\/es\/wp-json\/wp\/v2\/pages"}],"about":[{"href":"https:\/\/start-ascent.com\/es\/wp-json\/wp\/v2\/types\/page"}],"author":[{"embeddable":true,"href":"https:\/\/start-ascent.com\/es\/wp-json\/wp\/v2\/users\/1"}],"replies":[{"embeddable":true,"href":"https:\/\/start-ascent.com\/es\/wp-json\/wp\/v2\/comments?post=1309"}],"version-history":[{"count":5,"href":"https:\/\/start-ascent.com\/es\/wp-json\/wp\/v2\/pages\/1309\/revisions"}],"predecessor-version":[{"id":2160,"href":"https:\/\/start-ascent.com\/es\/wp-json\/wp\/v2\/pages\/1309\/revisions\/2160"}],"wp:attachment":[{"href":"https:\/\/start-ascent.com\/es\/wp-json\/wp\/v2\/media?parent=1309"}],"curies":[{"name":"wp","href":"https:\/\/api.w.org\/{rel}","templated":true}]}}