{"id":430,"date":"2014-04-23T13:14:10","date_gmt":"2014-04-23T13:14:10","guid":{"rendered":"http:\/\/lumbermandesigns.com\/?page_id=430"},"modified":"2018-10-26T16:07:56","modified_gmt":"2018-10-26T16:07:56","slug":"about","status":"publish","type":"page","link":"https:\/\/start-ascent.com\/es\/about\/","title":{"rendered":"Qui som"},"content":{"rendered":"<div id=\"dslc-theme-content\"><div id=\"dslc-theme-content-inner\"><p><img loading=\"lazy\" decoding=\"async\" class=\" wp-image-2041 aligncenter\" src=\"https:\/\/start-ascent.com\/wp-content\/uploads\/IMG_01911-300x200.jpg\" alt=\"\" width=\"466\" height=\"310\" srcset=\"https:\/\/start-ascent.com\/wp-content\/uploads\/IMG_01911-300x200.jpg 300w, https:\/\/start-ascent.com\/wp-content\/uploads\/IMG_01911-768x512.jpg 768w, https:\/\/start-ascent.com\/wp-content\/uploads\/IMG_01911-1024x683.jpg 1024w, https:\/\/start-ascent.com\/wp-content\/uploads\/IMG_01911.jpg 1213w\" sizes=\"(max-width: 466px) 100vw, 466px\" \/><\/p>\n<p>&nbsp;<\/p>\n<p>Som una ag\u00e8ncia de m\u00e0rqueting digital ubicada a Balaguer (Lleida) que es dedica al disseny i elaboraci\u00f3 de Projectes Digitals de M\u00e0rqueting per a negocis que volen promoure la seva pres\u00e8ncia online tan de forma nacional com internacional. Elaborem les estrat\u00e8gies adequades estudiant en profunditat les particulartiats de cada negoci per tenir una visi\u00f3 global del seu potencial i de la seva compet\u00e8ncia online a la xarxa.<\/p>\n<\/div><\/div>","protected":false},"excerpt":{"rendered":"<p>&nbsp; Som una ag\u00e8ncia de m\u00e0rqueting digital ubicada a Balaguer (Lleida) que es dedica al disseny i elaboraci\u00f3 de Projectes Digitals de M\u00e0rqueting per a negocis que volen promoure la seva pres\u00e8ncia online tan de forma nacional com internacional. Elaborem les estrat\u00e8gies adequades estudiant en profunditat les particulartiats de cada negoci per tenir una visi\u00f3 [&hellip;]<\/p>\n","protected":false},"author":1,"featured_media":2041,"parent":0,"menu_order":0,"comment_status":"closed","ping_status":"closed","template":"","meta":{"content-type":"","footnotes":""},"class_list":["post-430","page","type-page","status-publish","has-post-thumbnail","hentry"],"translation":{"provider":"WPGlobus","version":"2.10.10","language":"es","enabled_languages":["en","es"],"languages":{"en":{"title":true,"content":true,"excerpt":false},"es":{"title":false,"content":false,"excerpt":false}}},"yoast_head":"<!-- This site is optimized with the Yoast SEO plugin v20.4 - https:\/\/yoast.com\/wordpress\/plugins\/seo\/ -->\n<title>Qui som - Start Ascent Digital Marketing<\/title>\n<meta name=\"robots\" content=\"index, follow, max-snippet:-1, max-image-preview:large, max-video-preview:-1\" \/>\n<link rel=\"canonical\" href=\"https:\/\/start-ascent.com\/about\/\" \/>\n<meta property=\"og:locale\" content=\"es_ES\" \/>\n<meta property=\"og:type\" content=\"article\" \/>\n<meta property=\"og:title\" content=\"Qui som - Start Ascent Digital Marketing\" \/>\n<meta property=\"og:url\" content=\"https:\/\/start-ascent.com\/about\/\" \/>\n<meta property=\"og:site_name\" content=\"Start Ascent Digital Marketing\" \/>\n<meta property=\"article:modified_time\" content=\"2018-10-26T16:07:56+00:00\" \/>\n<meta property=\"og:image\" content=\"https:\/\/start-ascent.com\/wp-content\/uploads\/IMG_01911.jpg\" \/>\n\t<meta property=\"og:image:width\" content=\"1213\" \/>\n\t<meta property=\"og:image:height\" content=\"809\" \/>\n\t<meta property=\"og:image:type\" content=\"image\/jpeg\" \/>\n<meta name=\"twitter:card\" content=\"summary_large_image\" \/>\n<script type=\"application\/ld+json\" class=\"yoast-schema-graph\">{\"@context\":\"https:\/\/schema.org\",\"@graph\":[{\"@type\":\"WebPage\",\"@id\":\"https:\/\/start-ascent.com\/about\/\",\"url\":\"https:\/\/start-ascent.com\/about\/\",\"name\":\"Qui som - Start Ascent Digital Marketing\",\"isPartOf\":{\"@id\":\"https:\/\/start-ascent.com\/#website\"},\"datePublished\":\"2014-04-23T13:14:10+00:00\",\"dateModified\":\"2018-10-26T16:07:56+00:00\",\"description\":\"Som una ag\u00e8ncia de m\u00e0rqueting digital ubicada a Balaguer (Lleida) que es dedica al disseny i elaboraci\u00f3 de Projectes Digitals de M\u00e0rqueting per a negocis que volen promoure la seva pres\u00e8ncia online tan de forma nacional com internacional\",\"breadcrumb\":{\"@id\":\"https:\/\/start-ascent.com\/about\/#breadcrumb\"},\"inLanguage\":\"es\",\"potentialAction\":[{\"@type\":\"ReadAction\",\"target\":[\"https:\/\/start-ascent.com\/about\/\"]}]},{\"@type\":\"BreadcrumbList\",\"@id\":\"https:\/\/start-ascent.com\/about\/#breadcrumb\",\"itemListElement\":[{\"@type\":\"ListItem\",\"position\":1,\"name\":\"Inici\",\"item\":\"https:\/\/start-ascent.com\/\"},{\"@type\":\"ListItem\",\"position\":2,\"name\":\"Qui som\"}]},{\"@type\":\"WebSite\",\"@id\":\"https:\/\/start-ascent.com\/#website\",\"url\":\"https:\/\/start-ascent.com\/\",\"name\":\"Start Ascent Digital Marketing\",\"description\":\"Ag\u00e8ncia de M\u00e0rqueting digital\",\"publisher\":{\"@id\":\"https:\/\/start-ascent.com\/#organization\"},\"potentialAction\":[{\"@type\":\"SearchAction\",\"target\":{\"@type\":\"EntryPoint\",\"urlTemplate\":\"https:\/\/start-ascent.com\/?s={search_term_string}\"},\"query-input\":\"required name=search_term_string\"}],\"inLanguage\":\"es\"},{\"@type\":\"Organization\",\"@id\":\"https:\/\/start-ascent.com\/#organization\",\"name\":\"Start Ascent digital marketing\",\"url\":\"https:\/\/start-ascent.com\/\",\"logo\":{\"@type\":\"ImageObject\",\"inLanguage\":\"es\",\"@id\":\"https:\/\/start-ascent.com\/#\/schema\/logo\/image\/\",\"url\":\"https:\/\/start-ascent.com\/wp-content\/uploads\/2016\/05\/cropped-start_ascent.png\",\"contentUrl\":\"https:\/\/start-ascent.com\/wp-content\/uploads\/2016\/05\/cropped-start_ascent.png\",\"width\":182,\"height\":182,\"caption\":\"Start Ascent digital marketing\"},\"image\":{\"@id\":\"https:\/\/start-ascent.com\/#\/schema\/logo\/image\/\"}}]}<\/script>\n<!-- \/ Yoast SEO plugin. -->","yoast_head_json":{"title":"Qui som - Start Ascent Digital Marketing","robots":{"index":"index","follow":"follow","max-snippet":"max-snippet:-1","max-image-preview":"max-image-preview:large","max-video-preview":"max-video-preview:-1"},"canonical":"https:\/\/start-ascent.com\/about\/","og_locale":"es_ES","og_type":"article","og_title":"Qui som - Start Ascent Digital Marketing","og_url":"https:\/\/start-ascent.com\/about\/","og_site_name":"Start Ascent Digital Marketing","article_modified_time":"2018-10-26T16:07:56+00:00","og_image":[{"width":"1213","height":"809","url":"https:\/\/start-ascent.com\/wp-content\/uploads\/IMG_01911.jpg","type":"image\/jpeg"}],"twitter_card":"summary_large_image","schema":{"@context":"https:\/\/schema.org","@graph":[{"@type":"WebPage","@id":"https:\/\/start-ascent.com\/about\/","url":"https:\/\/start-ascent.com\/about\/","name":"Qui som - Start Ascent Digital Marketing","isPartOf":{"@id":"https:\/\/start-ascent.com\/#website"},"datePublished":"2014-04-23T13:14:10+00:00","dateModified":"2018-10-26T16:07:56+00:00","description":"Som una ag\u00e8ncia de m\u00e0rqueting digital ubicada a Balaguer (Lleida) que es dedica al disseny i elaboraci\u00f3 de Projectes Digitals de M\u00e0rqueting per a negocis que volen promoure la seva pres\u00e8ncia online tan de forma nacional com internacional","breadcrumb":{"@id":"https:\/\/start-ascent.com\/about\/#breadcrumb"},"inLanguage":"es","potentialAction":[{"@type":"ReadAction","target":["https:\/\/start-ascent.com\/about\/"]}]},{"@type":"BreadcrumbList","@id":"https:\/\/start-ascent.com\/about\/#breadcrumb","itemListElement":[{"@type":"ListItem","position":1,"name":"Inici","item":"https:\/\/start-ascent.com\/"},{"@type":"ListItem","position":2,"name":"Qui som"}]},{"@type":"WebSite","@id":"https:\/\/start-ascent.com\/#website","url":"https:\/\/start-ascent.com\/","name":"Start Ascent Digital Marketing","description":"Ag\u00e8ncia de M\u00e0rqueting digital","publisher":{"@id":"https:\/\/start-ascent.com\/#organization"},"potentialAction":[{"@type":"SearchAction","target":{"@type":"EntryPoint","urlTemplate":"https:\/\/start-ascent.com\/?s={search_term_string}"},"query-input":"required name=search_term_string"}],"inLanguage":"es"},{"@type":"Organization","@id":"https:\/\/start-ascent.com\/#organization","name":"Start Ascent digital marketing","url":"https:\/\/start-ascent.com\/","logo":{"@type":"ImageObject","inLanguage":"es","@id":"https:\/\/start-ascent.com\/#\/schema\/logo\/image\/","url":"https:\/\/start-ascent.com\/wp-content\/uploads\/2016\/05\/cropped-start_ascent.png","contentUrl":"https:\/\/start-ascent.com\/wp-content\/uploads\/2016\/05\/cropped-start_ascent.png","width":182,"height":182,"caption":"Start Ascent digital marketing"},"image":{"@id":"https:\/\/start-ascent.com\/#\/schema\/logo\/image\/"}}]}},"_links":{"self":[{"href":"https:\/\/start-ascent.com\/es\/wp-json\/wp\/v2\/pages\/430"}],"collection":[{"href":"https:\/\/start-ascent.com\/es\/wp-json\/wp\/v2\/pages"}],"about":[{"href":"https:\/\/start-ascent.com\/es\/wp-json\/wp\/v2\/types\/page"}],"author":[{"embeddable":true,"href":"https:\/\/start-ascent.com\/es\/wp-json\/wp\/v2\/users\/1"}],"replies":[{"embeddable":true,"href":"https:\/\/start-ascent.com\/es\/wp-json\/wp\/v2\/comments?post=430"}],"version-history":[{"count":6,"href":"https:\/\/start-ascent.com\/es\/wp-json\/wp\/v2\/pages\/430\/revisions"}],"predecessor-version":[{"id":2047,"href":"https:\/\/start-ascent.com\/es\/wp-json\/wp\/v2\/pages\/430\/revisions\/2047"}],"wp:featuredmedia":[{"embeddable":true,"href":"https:\/\/start-ascent.com\/es\/wp-json\/wp\/v2\/media\/2041"}],"wp:attachment":[{"href":"https:\/\/start-ascent.com\/es\/wp-json\/wp\/v2\/media?parent=430"}],"curies":[{"name":"wp","href":"https:\/\/api.w.org\/{rel}","templated":true}]}}